{"id":734,"date":"2023-11-27T09:58:08","date_gmt":"2023-11-27T08:58:08","guid":{"rendered":"https:\/\/transkript.cz\/?page_id=734"},"modified":"2024-02-14T14:48:19","modified_gmt":"2024-02-14T13:48:19","slug":"predstaveni-transkriptu-copy-copy-4","status":"publish","type":"page","link":"https:\/\/transkript.cz\/?page_id=734","title":{"rendered":"Kari\u00e9ra"},"content":{"rendered":"\n<h2 class=\"wp-block-heading\">Informace o aktu\u00e1ln\u011b voln\u00fdch pozic\u00edch<\/h2>\n\n\n\n<hr class=\"wp-block-separator has-alpha-channel-opacity\"\/>\n\n\n\n<h1 class=\"wp-block-heading\">Rychlop\u00edsa\u0159 pro poskytov\u00e1n\u00ed slu\u017eby p\u0159episu mluven\u00e9 \u0159e\u010di online formou klient\u016fm se sluchov\u00fdm handicapem<\/h1>\n\n\n\n<h2 class=\"wp-block-heading\">N\u00e1pl\u0148 pr\u00e1ce:<\/h2>\n\n\n\n<ul class=\"wp-block-list\">\n<li>Poskytov\u00e1n\u00ed p\u0159episu \u0159e\u010di v&nbsp;re\u00e1ln\u00e9m \u010dase online formou<\/li>\n\n\n\n<li>P\u0159episov\u00e1n\u00ed audioz\u00e1znam\u016f mluven\u00e9ho slova do textu.<\/li>\n<\/ul>\n\n\n\n<h2 class=\"wp-block-heading\">Profil vhodn\u00e9ho uchaze\u010de:<\/h2>\n\n\n\n<ul class=\"wp-block-list\">\n<li>P\u00ed\u0161e v\u0161emi deseti, dosahuje rychlosti min. 350 \u00fahoz\u016f za minutu, ide\u00e1ln\u011b i vy\u0161\u0161\u00ed<\/li>\n\n\n\n<li>v\u00fdborn\u011b ovl\u00e1d\u00e1 gramatiku \u010de\u0161tiny (v\u00edt\u00e1me aktivn\u00ed znalost sj \u010di aj)<\/li>\n\n\n\n<li>m\u00e1 u\u017eivatelskou \u00farove\u0148 dovednost\u00ed pr\u00e1ce na PC (MS Word, online komunika\u010dn\u00ed platformy typu Google Meet \u010di Skype, p\u0159\u00edp. Google n\u00e1stroje)<\/li>\n\n\n\n<li>je komunikativn\u00ed, m\u00e1 kultivovan\u00fd \u00fastn\u00ed i p\u00edsemn\u00fd projev<\/li>\n\n\n\n<li>je ochotn\u00fd osvojovat si nov\u00e9 dovednosti a respektovat specifick\u00e9 pot\u0159eby klient\u016f a koleg\u016f v&nbsp;oblasti komunikace.<\/li>\n<\/ul>\n\n\n\n<h2 class=\"wp-block-heading\">Nab\u00edz\u00edme:<\/h2>\n\n\n\n<ul class=\"wp-block-list\">\n<li>zam\u011bstn\u00e1n\u00ed v&nbsp;hlavn\u00edm pracovn\u00edm pom\u011bru na 0,5 \u00favazku<\/li>\n\n\n\n<li>v\u00fdborn\u00e9 technick\u00e9 z\u00e1zem\u00ed pro v\u00fdkon pr\u00e1ce<\/li>\n\n\n\n<li>odborn\u00e9 za\u0161kolen\u00ed, pr\u016fb\u011b\u017en\u00e9 veden\u00ed a kurzy prohlubuj\u00edc\u00edho profesn\u00edho vzd\u011bl\u00e1v\u00e1n\u00ed<\/li>\n\n\n\n<li>bezbari\u00e9rov\u00e9 kancel\u00e1\u0159sk\u00e9 prostory, mo\u017enost pracovat \u010d\u00e1ste\u010dn\u011b z&nbsp;domova<\/li>\n\n\n\n<li>vst\u0159\u00edcn\u00fd a kreativn\u00ed pracovn\u00ed t\u00fdm<\/li>\n\n\n\n<li>po vz\u00e1jemn\u00e9 dohod\u011b p\u0159im\u011b\u0159en\u00fd prostor pro individu\u00e1ln\u00ed \u010dasov\u00e9 rozvr\u017een\u00ed sm\u011bn.<\/li>\n<\/ul>\n\n\n\n<p>Z\u00e1jemce o tuto pozici pros\u00edme o zasl\u00e1n\u00ed profesn\u00edho \u017eivotopisu na e-mail<\/p>\n\n\n\n<p><a href=\"mailto:outratova@transkript.cz\">outratova@transkript.cz<\/a><\/p>\n","protected":false},"excerpt":{"rendered":"<p>Informace o aktu\u00e1ln\u011b voln\u00fdch pozic\u00edch Rychlop\u00edsa\u0159 pro poskytov\u00e1n\u00ed slu\u017eby p\u0159episu mluven\u00e9 \u0159e\u010di online formou klient\u016fm se sluchov\u00fdm handicapem N\u00e1pl\u0148 pr\u00e1ce: [&hellip;]<\/p>\n","protected":false},"author":2,"featured_media":0,"parent":0,"menu_order":0,"comment_status":"closed","ping_status":"closed","template":"","meta":{"om_disable_all_campaigns":false,"_monsterinsights_skip_tracking":false,"_monsterinsights_sitenote_active":false,"_monsterinsights_sitenote_note":"","_monsterinsights_sitenote_category":0,"_uf_show_specific_survey":0,"_uf_disable_surveys":false,"footnotes":""},"class_list":["post-734","page","type-page","status-publish","hentry"],"aioseo_notices":[],"_links":{"self":[{"href":"https:\/\/transkript.cz\/index.php?rest_route=\/wp\/v2\/pages\/734","targetHints":{"allow":["GET"]}}],"collection":[{"href":"https:\/\/transkript.cz\/index.php?rest_route=\/wp\/v2\/pages"}],"about":[{"href":"https:\/\/transkript.cz\/index.php?rest_route=\/wp\/v2\/types\/page"}],"author":[{"embeddable":true,"href":"https:\/\/transkript.cz\/index.php?rest_route=\/wp\/v2\/users\/2"}],"replies":[{"embeddable":true,"href":"https:\/\/transkript.cz\/index.php?rest_route=%2Fwp%2Fv2%2Fcomments&post=734"}],"version-history":[{"count":3,"href":"https:\/\/transkript.cz\/index.php?rest_route=\/wp\/v2\/pages\/734\/revisions"}],"predecessor-version":[{"id":896,"href":"https:\/\/transkript.cz\/index.php?rest_route=\/wp\/v2\/pages\/734\/revisions\/896"}],"wp:attachment":[{"href":"https:\/\/transkript.cz\/index.php?rest_route=%2Fwp%2Fv2%2Fmedia&parent=734"}],"curies":[{"name":"wp","href":"https:\/\/api.w.org\/{rel}","templated":true}]}}