{"id":613,"date":"2023-02-03T17:40:14","date_gmt":"2023-02-03T16:40:14","guid":{"rendered":"https:\/\/wp.transkript.cz\/?page_id=613"},"modified":"2023-02-03T19:31:12","modified_gmt":"2023-02-03T18:31:12","slug":"predstaveni-transkriptu-copy-9","status":"publish","type":"page","link":"https:\/\/transkript.cz\/?page_id=613","title":{"rendered":"Mobiln\u00ed aplikace eScribeDroid"},"content":{"rendered":"\n<p>Mobiln\u00ed aplikace eScribeDroid je efektivn\u00edm a snadno dostupn\u00fdm online n\u00e1strojem, kter\u00fd umo\u017e\u0148uje vyu\u017e\u00edvat slu\u017eby simult\u00e1nn\u00edho p\u0159episu mluven\u00e9 \u0159e\u010di. U\u017eivatel se pomoc\u00ed t\u00e9to aplikace velmi jednodu\u0161e spoj\u00ed s profesion\u00e1ln\u00edm rychlop\u00edsa\u0159em, kter\u00fd z mikrofonu jeho tabletu \u010di chytr\u00e9ho telefonu sly\u0161\u00ed \u0159e\u010d osoby, s n\u00ed\u017e u\u017eivatel slu\u017eby komunikuje, a okam\u017eit\u011b ji zapisuje na kl\u00e1vesnici notebooku. U\u017eivatel sleduje po celou dobu hovoru doslovn\u00fd p\u0159epis t\u00e9to \u0159e\u010di v re\u00e1ln\u00e9m \u010dase na displeji sv\u00e9ho mobiln\u00edho za\u0159\u00edzen\u00ed. Online slu\u017eby simult\u00e1nn\u00edho p\u0159episu mluven\u00e9 \u0159e\u010di umo\u017e\u0148uj\u00ed sv\u00fdm u\u017eivatel\u016fm bezbari\u00e9rov\u011b komunikovat na m\u00edstech a v situac\u00edch, kdy pot\u0159ebuj\u00ed. Mohou v\u00e9st klasick\u00fd rozhovor, co\u017e je \u010din\u00ed rovnopr\u00e1vn\u00fdmi a respektovan\u00fdmi komunika\u010dn\u00edmi partnery.<\/p>\n\n\n\n<div class=\"wp-block-group is-layout-constrained wp-block-group-is-layout-constrained\">\n<div class=\"wp-block-columns is-layout-flex wp-container-core-columns-is-layout-28f84493 wp-block-columns-is-layout-flex\">\n<div class=\"wp-block-column is-layout-flow wp-block-column-is-layout-flow\">\n<figure class=\"wp-block-embed aligncenter is-type-video is-provider-youtube wp-block-embed-youtube wp-embed-aspect-16-9 wp-has-aspect-ratio\"><div class=\"wp-block-embed__wrapper\">\n<iframe loading=\"lazy\" title=\"Transkript - mobiln\u00ed aplikace pro online p\u0159epis\" width=\"500\" height=\"281\" src=\"https:\/\/www.youtube.com\/embed\/W70YT32OQTk?feature=oembed\" frameborder=\"0\" allow=\"accelerometer; autoplay; clipboard-write; encrypted-media; gyroscope; picture-in-picture; web-share\" referrerpolicy=\"strict-origin-when-cross-origin\" allowfullscreen><\/iframe>\n<\/div><\/figure>\n<\/div>\n<\/div>\n<\/div>\n\n\n\n<p>Mobiln\u00ed aplikace eScribeDroid je efektivn\u00edm a snadno dostupn\u00fdm online n\u00e1strojem, kter\u00fd umo\u017e\u0148uje vyu\u017e\u00edvat slu\u017eby simult\u00e1nn\u00edho p\u0159episu mluven\u00e9 \u0159e\u010di. U\u017eivatel se pomoc\u00ed t\u00e9to aplikace velmi jednodu\u0161e spoj\u00ed s profesion\u00e1ln\u00edm rychlop\u00edsa\u0159em, kter\u00fd z mikrofonu jeho tabletu \u010di chytr\u00e9ho telefonu sly\u0161\u00ed \u0159e\u010d osoby, s n\u00ed\u017e u\u017eivatel slu\u017eby komunikuje, a okam\u017eit\u011b ji zapisuje na kl\u00e1vesnici notebooku. U\u017eivatel sleduje po celou dobu hovoru doslovn\u00fd p\u0159epis t\u00e9to \u0159e\u010di v re\u00e1ln\u00e9m \u010dase na displeji sv\u00e9ho mobiln\u00edho za\u0159\u00edzen\u00ed<\/p>\n\n\n\n<p>Online slu\u017eby simult\u00e1nn\u00edho p\u0159episu mluven\u00e9 \u0159e\u010di umo\u017e\u0148uj\u00ed sv\u00fdm u\u017eivatel\u016fm bezbari\u00e9rov\u011b komunikovat na m\u00edstech a v situac\u00edch, kdy pot\u0159ebuj\u00ed. Mohou v\u00e9st klasick\u00fd rozhovor, co\u017e je \u010din\u00ed rovnopr\u00e1vn\u00fdmi a respektovan\u00fdmi komunika\u010dn\u00edmi partnery.<\/p>\n","protected":false},"excerpt":{"rendered":"<p>Mobiln\u00ed aplikace eScribeDroid je efektivn\u00edm a snadno dostupn\u00fdm online n\u00e1strojem, kter\u00fd umo\u017e\u0148uje vyu\u017e\u00edvat slu\u017eby simult\u00e1nn\u00edho p\u0159episu mluven\u00e9 \u0159e\u010di. U\u017eivatel se [&hellip;]<\/p>\n","protected":false},"author":2,"featured_media":0,"parent":0,"menu_order":0,"comment_status":"closed","ping_status":"closed","template":"","meta":{"om_disable_all_campaigns":false,"_monsterinsights_skip_tracking":false,"_monsterinsights_sitenote_active":false,"_monsterinsights_sitenote_note":"","_monsterinsights_sitenote_category":0,"_uf_show_specific_survey":0,"_uf_disable_surveys":false,"footnotes":""},"class_list":["post-613","page","type-page","status-publish","hentry"],"aioseo_notices":[],"_links":{"self":[{"href":"https:\/\/transkript.cz\/index.php?rest_route=\/wp\/v2\/pages\/613","targetHints":{"allow":["GET"]}}],"collection":[{"href":"https:\/\/transkript.cz\/index.php?rest_route=\/wp\/v2\/pages"}],"about":[{"href":"https:\/\/transkript.cz\/index.php?rest_route=\/wp\/v2\/types\/page"}],"author":[{"embeddable":true,"href":"https:\/\/transkript.cz\/index.php?rest_route=\/wp\/v2\/users\/2"}],"replies":[{"embeddable":true,"href":"https:\/\/transkript.cz\/index.php?rest_route=%2Fwp%2Fv2%2Fcomments&post=613"}],"version-history":[{"count":3,"href":"https:\/\/transkript.cz\/index.php?rest_route=\/wp\/v2\/pages\/613\/revisions"}],"predecessor-version":[{"id":645,"href":"https:\/\/transkript.cz\/index.php?rest_route=\/wp\/v2\/pages\/613\/revisions\/645"}],"wp:attachment":[{"href":"https:\/\/transkript.cz\/index.php?rest_route=%2Fwp%2Fv2%2Fmedia&parent=613"}],"curies":[{"name":"wp","href":"https:\/\/api.w.org\/{rel}","templated":true}]}}