{"id":602,"date":"2023-02-03T17:31:32","date_gmt":"2023-02-03T16:31:32","guid":{"rendered":"https:\/\/wp.transkript.cz\/?page_id=602"},"modified":"2023-02-03T17:37:40","modified_gmt":"2023-02-03T16:37:40","slug":"predstaveni-transkriptu-copy-8","status":"publish","type":"page","link":"https:\/\/transkript.cz\/?page_id=602","title":{"rendered":"Kontakt"},"content":{"rendered":"\n<h2 class=\"wp-block-heading\"><strong>Pot\u0159ebujete se s n\u00e1mi spojit? Vyu\u017eijte na\u0161\u00ed unik\u00e1tn\u00ed slu\u017ebu textov\u00e9ho hovoru s online p\u0159episem \u0159e\u010di v re\u00e1ln\u00e9m \u010dase.<\/strong><\/h2>\n\n\n\n<p><strong>Sc\u00e9n\u00e1\u0159 slu\u017eby:<\/strong><\/p>\n\n\n\n<p>1. Zadejte sv\u00e9 telefonn\u00ed \u010d\u00edslo a klikn\u011bte na tla\u010d\u00edtko &#8222;Zavolejte mi&#8220;.<br>2. Zavol\u00e1me V\u00e1m a z\u00e1rove\u0148 se zobraz\u00ed okno pro online p\u0159epis.<br>3. Po spojen\u00ed s infolinkou dostanete p\u00edsemn\u00fd pokyn, \u017ee je v\u0161e p\u0159ipraveno a m\u016f\u017eete se dotazovat.<br>4. Sv\u016fj dotaz m\u016f\u017eete polo\u017eit rovn\u011b\u017e i psanou formou. V horn\u00edm \u0159\u00e1dku nap\u00ed\u0161ete a ode\u0161lete sv\u016fj dotaz, ten bude p\u0159e\u010dten automatick\u00fdm hlasem na\u0161emu oper\u00e1torovi.&nbsp;&nbsp;<br>5. Slu\u017eba doslovn\u011b zobrazuje ve\u0161ker\u00fd mluven\u00fd projev oper\u00e1tora v textov\u00e9 podob\u011b.<\/p>\n\n\n\n<p><iframe loading=\"lazy\" style=\"border: 0;\" src=\"https:\/\/ts.infolinky.textcom.cz\" width=\"100%\" height=\"570\"><\/iframe><\/p>\n\n\n\n<p>Transkript online s.r.o.<br>Dlouh\u00e1 37<br>110 00 Praha 1<br>I\u010c:&nbsp;24232050<br>DI\u010c: CZ24232050<br>Spole\u010dnost je zaps\u00e1na v Obchodn\u00edm rejst\u0159\u00edku veden\u00e9m<br>M\u011bstsk\u00fdm soudem v Praze, odd\u00edl C, vlo\u017eka 200531<\/p>\n\n\n\n<p>tel: +420 222 364 374<br>email:&nbsp;<a href=\"mailto:podpora@transkript.cz\">podpora@transkript.cz<\/a><\/p>\n","protected":false},"excerpt":{"rendered":"<p>Pot\u0159ebujete se s n\u00e1mi spojit? Vyu\u017eijte na\u0161\u00ed unik\u00e1tn\u00ed slu\u017ebu textov\u00e9ho hovoru s online p\u0159episem \u0159e\u010di v re\u00e1ln\u00e9m \u010dase. Sc\u00e9n\u00e1\u0159 slu\u017eby: [&hellip;]<\/p>\n","protected":false},"author":2,"featured_media":0,"parent":0,"menu_order":0,"comment_status":"closed","ping_status":"closed","template":"","meta":{"om_disable_all_campaigns":false,"_monsterinsights_skip_tracking":false,"_monsterinsights_sitenote_active":false,"_monsterinsights_sitenote_note":"","_monsterinsights_sitenote_category":0,"_uf_show_specific_survey":0,"_uf_disable_surveys":false,"footnotes":""},"class_list":["post-602","page","type-page","status-publish","hentry"],"aioseo_notices":[],"_links":{"self":[{"href":"https:\/\/transkript.cz\/index.php?rest_route=\/wp\/v2\/pages\/602","targetHints":{"allow":["GET"]}}],"collection":[{"href":"https:\/\/transkript.cz\/index.php?rest_route=\/wp\/v2\/pages"}],"about":[{"href":"https:\/\/transkript.cz\/index.php?rest_route=\/wp\/v2\/types\/page"}],"author":[{"embeddable":true,"href":"https:\/\/transkript.cz\/index.php?rest_route=\/wp\/v2\/users\/2"}],"replies":[{"embeddable":true,"href":"https:\/\/transkript.cz\/index.php?rest_route=%2Fwp%2Fv2%2Fcomments&post=602"}],"version-history":[{"count":2,"href":"https:\/\/transkript.cz\/index.php?rest_route=\/wp\/v2\/pages\/602\/revisions"}],"predecessor-version":[{"id":612,"href":"https:\/\/transkript.cz\/index.php?rest_route=\/wp\/v2\/pages\/602\/revisions\/612"}],"wp:attachment":[{"href":"https:\/\/transkript.cz\/index.php?rest_route=%2Fwp%2Fv2%2Fmedia&parent=602"}],"curies":[{"name":"wp","href":"https:\/\/api.w.org\/{rel}","templated":true}]}}