{"id":548,"date":"2023-01-31T17:15:30","date_gmt":"2023-01-31T16:15:30","guid":{"rendered":"https:\/\/wp.transkript.cz\/?page_id=548"},"modified":"2024-11-04T08:44:19","modified_gmt":"2024-11-04T07:44:19","slug":"predstaveni-transkriptu-copy-copy-3-copy-2","status":"publish","type":"page","link":"https:\/\/transkript.cz\/?page_id=548","title":{"rendered":"Pro jednotlivce"},"content":{"rendered":"\n<h3 class=\"wp-block-heading\">Slu\u017eby pro jednotlivce se sluchov\u00fdm posti\u017een\u00edm<\/h3>\n\n\n\n<p>Pro osoby se sluchov\u00fdm posti\u017een\u00edm nab\u00edz\u00edme bezplatn\u00e9 inovativn\u00ed technologie a slu\u017eby, kter\u00e9 zaji\u0161\u0165uj\u00ed bezbari\u00e9rovou komunikaci v r\u016fzn\u00fdch situac\u00edch. Mezi na\u0161e hlavn\u00ed produkty pat\u0159\u00ed aplikace eScribeDroid a komunika\u010dn\u00ed port\u00e1l e-kos.<\/p>\n\n\n\n<h4 class=\"wp-block-heading\">eScribeDroid<\/h4>\n\n\n\n<p>eScribeDroid je mobiln\u00ed aplikace, kter\u00e1 umo\u017e\u0148uje vyu\u017e\u00edt p\u0159epis \u0159e\u010di na d\u00e1lku pomoc\u00ed mobiln\u00edch za\u0159\u00edzen\u00ed. Aplikace je navr\u017eena tak, aby zajistila bezbari\u00e9rovou komunikaci kdekoliv v ter\u00e9nu, kde je dostupn\u00e9 internetov\u00e9 p\u0159ipojen\u00ed p\u0159es mobiln\u00ed sign\u00e1l nebo WiFi.<\/p>\n\n\n\n<ul class=\"wp-block-list\">\n<li><strong>Mobiln\u00ed aplikace zdarma<\/strong>: Aplikace je k dispozici pro osobn\u00ed pou\u017eit\u00ed bez jak\u00fdchkoliv poplatk\u016f.<\/li>\n\n\n\n<li><strong>100 minut p\u0159episu zdarma<\/strong>: Ka\u017ed\u00fd m\u011bs\u00edc z\u00edsk\u00e1te 100 minut online p\u0159episu zdarma d\u00edky spolupr\u00e1ci s Transkript a na\u0161imi partnery.<\/li>\n\n\n\n<li><strong>Dostupnost<\/strong>: Slu\u017eba je dostupn\u00e1 v pracovn\u00ed dny od 9 do 18 hodin.<\/li>\n\n\n\n<li><strong>Automatick\u00e9 rozpozn\u00e1v\u00e1n\u00ed \u0159e\u010di<\/strong>: Funkce automatick\u00e9ho rozpozn\u00e1v\u00e1n\u00ed \u0159e\u010di je k dispozici bez omezen\u00ed a zdarma.<\/li>\n\n\n\n<li><strong>Archivace p\u0159epis\u016f<\/strong>: V\u0161echny uskute\u010dn\u011bn\u00e9 p\u0159episy jsou automaticky archivov\u00e1ny pro pozd\u011bj\u0161\u00ed pou\u017eit\u00ed.<\/li>\n<\/ul>\n\n\n\n<p>Po p\u0159ihl\u00e1\u0161en\u00ed do aplikace eScribeDroid sta\u010d\u00ed prost\u00fdm stisknut\u00edm tla\u010d\u00edtka vyvolat hovor s p\u0159episovatelem. Po jeho vyzvednut\u00ed se automaticky otev\u0159e soubor pro p\u0159epis a ve\u0161ker\u00fd zvuk z okol\u00ed mikrofonu va\u0161eho za\u0159\u00edzen\u00ed se p\u0159en\u00e1\u0161\u00ed k p\u0159episovateli p\u0159es internetovou telefonii. P\u0159episovatel je tak okam\u017eit\u011b p\u0159ipraven zaznamen\u00e1vat mluvenou \u0159e\u010d, jej\u00ed\u017e textov\u00e1 podoba se zobrazuje na displeji va\u0161eho za\u0159\u00edzen\u00ed.<\/p>\n\n\n\n<p>D\u00edky t\u00e9to technologii m\u016f\u017eete po\u017e\u00e1dat o p\u0159epis \u0159e\u010di kdykoliv a kdekoliv, co\u017e je u\u017eite\u010dn\u00e9 nap\u0159\u00edklad p\u0159i n\u00e1v\u0161t\u011bv\u011b l\u00e9ka\u0159e, na \u00fa\u0159adech, v obchodech nebo p\u0159i komunikaci s \u0159emesln\u00edky. P\u0159ipojen\u00ed t\u0159et\u00ed osoby k p\u0159episu je z bezpe\u010dnostn\u00edch d\u016fvod\u016f vylou\u010deno.<\/p>\n\n\n\n<p>Aplikace je dostupn\u00e1 pro opera\u010dn\u00ed syst\u00e9m Android. Z\u00e1jemci si mohou nejnov\u011bj\u0161\u00ed verzi aolikace eScribeDroid st\u00e1hnout <a href=\"https:\/\/play.google.com\/store\/apps\/details?id=cz.miloslavbrada.escribe.android.transkript&amp;hl=cs\" title=\"\">zde<\/a>.<\/p>\n\n\n\n<figure class=\"wp-block-embed is-type-video is-provider-youtube wp-block-embed-youtube wp-embed-aspect-16-9 wp-has-aspect-ratio\"><div class=\"wp-block-embed__wrapper\">\n<iframe loading=\"lazy\" title=\"Transkript - mobiln\u00ed aplikace pro online p\u0159epis\" width=\"500\" height=\"281\" src=\"https:\/\/www.youtube.com\/embed\/W70YT32OQTk?feature=oembed\" frameborder=\"0\" allow=\"accelerometer; autoplay; clipboard-write; encrypted-media; gyroscope; picture-in-picture; web-share\" referrerpolicy=\"strict-origin-when-cross-origin\" allowfullscreen><\/iframe>\n<\/div><\/figure>\n\n\n\n<h4 class=\"wp-block-heading\">Komunika\u010dn\u00ed port\u00e1l e-kos<\/h4>\n\n\n\n<p>Komunika\u010dn\u00ed port\u00e1l &#8222;Komunikace osob s posti\u017een\u00edm sluchu &#8211; <a href=\"http:\/\/www.e-kos.cz\/\">www.e-kos.cz<\/a>&#8220; umo\u017e\u0148uje jednotlivc\u016fm telefonovat s podporou online p\u0159episu na jak\u00e9koli telefonn\u00ed \u010d\u00edslo. Tento port\u00e1l je navr\u017een tak, aby zajistil plnou p\u0159\u00edstupnost a usnadnil komunikaci osob\u00e1m se sluchov\u00fdm posti\u017een\u00edm.<\/p>\n\n\n\n<ul class=\"wp-block-list\">\n<li><strong>Telefonov\u00e1n\u00ed s podporou online p\u0159episu<\/strong>: Umo\u017e\u0148uje telefonovat na jak\u00e9koli telefonn\u00ed \u010d\u00edslo s podporou online p\u0159episu, co\u017e zaji\u0161\u0165uje bezbari\u00e9rovou komunikaci.<\/li>\n\n\n\n<li><strong>Jednoduch\u00e9 pou\u017eit\u00ed<\/strong>: Sta\u010d\u00ed nav\u0161t\u00edvit na port\u00e1l a zah\u00e1jit hovor s podporou p\u0159episu.<\/li>\n\n\n\n<li><strong>Vysok\u00e1 dostupnost<\/strong>: Slu\u017eba je dostupn\u00e1 v pracovn\u00ed dny od 9 do 18 hodin.<\/li>\n<\/ul>\n\n\n\n<p>Port\u00e1l e-kos je navr\u017een tak, aby zajistil, \u017ee osoby se sluchov\u00fdm posti\u017een\u00edm mohou efektivn\u011b a snadno telefonicky komunikovat, ani\u017e by byly vystaveny jak\u00fdmkoli komunika\u010dn\u00edm bari\u00e9r\u00e1m.<\/p>\n","protected":false},"excerpt":{"rendered":"<p>Slu\u017eby pro jednotlivce se sluchov\u00fdm posti\u017een\u00edm Pro osoby se sluchov\u00fdm posti\u017een\u00edm nab\u00edz\u00edme bezplatn\u00e9 inovativn\u00ed technologie a slu\u017eby, kter\u00e9 zaji\u0161\u0165uj\u00ed bezbari\u00e9rovou [&hellip;]<\/p>\n","protected":false},"author":2,"featured_media":0,"parent":0,"menu_order":0,"comment_status":"closed","ping_status":"closed","template":"","meta":{"om_disable_all_campaigns":false,"_monsterinsights_skip_tracking":false,"_monsterinsights_sitenote_active":false,"_monsterinsights_sitenote_note":"","_monsterinsights_sitenote_category":0,"_uf_show_specific_survey":0,"_uf_disable_surveys":false,"footnotes":""},"class_list":["post-548","page","type-page","status-publish","hentry"],"aioseo_notices":[],"_links":{"self":[{"href":"https:\/\/transkript.cz\/index.php?rest_route=\/wp\/v2\/pages\/548","targetHints":{"allow":["GET"]}}],"collection":[{"href":"https:\/\/transkript.cz\/index.php?rest_route=\/wp\/v2\/pages"}],"about":[{"href":"https:\/\/transkript.cz\/index.php?rest_route=\/wp\/v2\/types\/page"}],"author":[{"embeddable":true,"href":"https:\/\/transkript.cz\/index.php?rest_route=\/wp\/v2\/users\/2"}],"replies":[{"embeddable":true,"href":"https:\/\/transkript.cz\/index.php?rest_route=%2Fwp%2Fv2%2Fcomments&post=548"}],"version-history":[{"count":5,"href":"https:\/\/transkript.cz\/index.php?rest_route=\/wp\/v2\/pages\/548\/revisions"}],"predecessor-version":[{"id":934,"href":"https:\/\/transkript.cz\/index.php?rest_route=\/wp\/v2\/pages\/548\/revisions\/934"}],"wp:attachment":[{"href":"https:\/\/transkript.cz\/index.php?rest_route=%2Fwp%2Fv2%2Fmedia&parent=548"}],"curies":[{"name":"wp","href":"https:\/\/api.w.org\/{rel}","templated":true}]}}