{"id":546,"date":"2023-01-31T17:14:43","date_gmt":"2023-01-31T16:14:43","guid":{"rendered":"https:\/\/wp.transkript.cz\/?page_id=546"},"modified":"2023-01-31T17:15:10","modified_gmt":"2023-01-31T16:15:10","slug":"predstaveni-transkriptu-copy-copy-3-copy","status":"publish","type":"page","link":"https:\/\/transkript.cz\/?page_id=546","title":{"rendered":"Pro neziskovky"},"content":{"rendered":"\n<p>Pat\u0159\u00edte mezi neziskov\u00e9 organizace pom\u00e1haj\u00edc\u00ed osob\u00e1m se sluchov\u00fdm posti\u017een\u00edm? M\u00e1te zaj\u00edmav\u00fd program p\u0159edn\u00e1\u0161ek \u010di \u0161kolen\u00ed a cht\u011bli byste je zp\u0159\u00edstupnit i osob\u00e1m se sluchov\u00fdm posti\u017een\u00edm? P\u0159ipravujete grant \u010di chcete uspo\u0159\u00e1dat akci, kter\u00e9 by se mohli \u00fa\u010dastnit i nesly\u0161\u00edc\u00ed? Pak online p\u0159epis je ta spr\u00e1vn\u00e1 volba. Za zv\u00fdhodn\u011bn\u00fdch podm\u00ednek nab\u00edz\u00edme neziskov\u00fdm organizac\u00edm kompletn\u00ed zaji\u0161t\u011bn\u00ed online p\u0159episu jak v z\u00e1zem\u00ed s\u00eddla orgaizace tak v ter\u00e9nu p\u0159i po\u0159\u00e1d\u00e1n\u00ed nejr\u016fzn\u011bj\u0161\u00edch akc\u00ed.<\/p>\n\n\n\n<ul class=\"wp-block-list\">\n<li>Technick\u00e9 zaji\u0161t\u011bn\u00ed online p\u0159episu<\/li>\n\n\n\n<li>Zap\u016fj\u010den\u00ed pot\u0159ebn\u00e9ho vybaven\u00ed pro uspo\u0159\u00e1d\u00e1n\u00ed akce\n<ul class=\"wp-block-list\">\n<li>Tablety s aplikac\u00ed online p\u0159episu<\/li>\n\n\n\n<li>Mobiln\u00ed internet<\/li>\n\n\n\n<li>Audio\/vizu\u00e1ln\u00ed technika<\/li>\n<\/ul>\n<\/li>\n\n\n\n<li>Profesion\u00e1ln\u00ed slu\u017eby mistr\u016f \u010cR v rychlopsan\u00ed<\/li>\n\n\n\n<li>Spolupr\u00e1ce p\u0159i formov\u00e1n\u00ed a \u0159e\u0161en\u00ed projekt\u016f pro nesly\u0161\u00edc\u00ed<\/li>\n<\/ul>\n","protected":false},"excerpt":{"rendered":"<p>Pat\u0159\u00edte mezi neziskov\u00e9 organizace pom\u00e1haj\u00edc\u00ed osob\u00e1m se sluchov\u00fdm posti\u017een\u00edm? M\u00e1te zaj\u00edmav\u00fd program p\u0159edn\u00e1\u0161ek \u010di \u0161kolen\u00ed a cht\u011bli byste je zp\u0159\u00edstupnit [&hellip;]<\/p>\n","protected":false},"author":2,"featured_media":0,"parent":0,"menu_order":0,"comment_status":"closed","ping_status":"closed","template":"","meta":{"om_disable_all_campaigns":false,"_monsterinsights_skip_tracking":false,"_monsterinsights_sitenote_active":false,"_monsterinsights_sitenote_note":"","_monsterinsights_sitenote_category":0,"_uf_show_specific_survey":0,"_uf_disable_surveys":false,"footnotes":""},"class_list":["post-546","page","type-page","status-publish","hentry"],"aioseo_notices":[],"_links":{"self":[{"href":"https:\/\/transkript.cz\/index.php?rest_route=\/wp\/v2\/pages\/546","targetHints":{"allow":["GET"]}}],"collection":[{"href":"https:\/\/transkript.cz\/index.php?rest_route=\/wp\/v2\/pages"}],"about":[{"href":"https:\/\/transkript.cz\/index.php?rest_route=\/wp\/v2\/types\/page"}],"author":[{"embeddable":true,"href":"https:\/\/transkript.cz\/index.php?rest_route=\/wp\/v2\/users\/2"}],"replies":[{"embeddable":true,"href":"https:\/\/transkript.cz\/index.php?rest_route=%2Fwp%2Fv2%2Fcomments&post=546"}],"version-history":[{"count":1,"href":"https:\/\/transkript.cz\/index.php?rest_route=\/wp\/v2\/pages\/546\/revisions"}],"predecessor-version":[{"id":547,"href":"https:\/\/transkript.cz\/index.php?rest_route=\/wp\/v2\/pages\/546\/revisions\/547"}],"wp:attachment":[{"href":"https:\/\/transkript.cz\/index.php?rest_route=%2Fwp%2Fv2%2Fmedia&parent=546"}],"curies":[{"name":"wp","href":"https:\/\/api.w.org\/{rel}","templated":true}]}}