{"id":531,"date":"2023-01-31T17:03:28","date_gmt":"2023-01-31T16:03:28","guid":{"rendered":"https:\/\/wp.transkript.cz\/?page_id=531"},"modified":"2023-01-31T17:06:09","modified_gmt":"2023-01-31T16:06:09","slug":"predstaveni-transkriptu-copy-copy","status":"publish","type":"page","link":"https:\/\/transkript.cz\/?page_id=531","title":{"rendered":"Tiskov\u00e9 zpr\u00e1vy"},"content":{"rendered":"\n<h2 class=\"is-style-default has-black-color has-text-color wp-block-heading\"><a href=\"https:\/\/transkript.cz\/index.php\/o-nas\/tiskove-zpravy\/57-cena-mosty-2020-narodni-rady-osob-se-zdravotnim-postizenim-cr-v-ostrave\">Cena Mosty 2020 N\u00e1rodn\u00ed rady osob se zdravotn\u00edm posti\u017een\u00edm \u010cR v Ostrav\u011b<\/a><\/h2>\n\n\n\n<p>Transkript online, s. r. o. je laure\u00e1tem,<strong>&nbsp;v\u00edt\u011bzem II. kategorie za nest\u00e1tn\u00ed subjekty<\/strong>&nbsp;Ceny Mosty 2020. Toto ocen\u011bn\u00ed p\u0159evzal n\u00e1\u0161 provozn\u00ed \u0159editel dne 21. 9. 2021 ve Velk\u00e9m s\u00e1le Kulturn\u00edho domu Ostrava z rukou hejtmana Zl\u00ednsk\u00e9ho kraje Radima Holi\u0161e. Jsme na to velice py\u0161n\u00ed a d\u011bkujeme!<\/p>\n\n\n\n<p>Nominaci podala \u010cesk\u00e1 unie nesly\u0161\u00edc\u00edch, z. \u00fa., jej\u00edmu \u0159editeli Martinovi Nov\u00e1kovi t\u00edmto pat\u0159\u00ed zvl\u00e1\u0161tn\u00ed pod\u011bkov\u00e1n\u00ed. Jde ji\u017e o druh\u00e9 v\u00edt\u011bzstv\u00ed v r\u00e1mci tohoto presti\u017en\u00edho ocen\u011bn\u00ed, prvn\u00ed z\u00edskal v roce 2019 v kategorii Zvl\u00e1\u0161tn\u00ed ocen\u011bn\u00ed Ing. Zden\u011bk Bumb\u00e1lek, mecen\u00e1\u0161 a jeden ze zakladatel\u016f Transkriptu jako v\u00fdznamn\u00e1 osobnost p\u016fsob\u00edc\u00ed v oblasti podpory osob se zdravotn\u00edm posti\u017een\u00edm.<\/p>\n\n\n\n<p>Ceny MOSTY ud\u011bluje ji\u017e 18. rokem N\u00e1rodn\u00ed rada osob se zdravotn\u00edm posti\u017een\u00edm \u010cR v z\u00e1jmu podpory aktivit p\u0159isp\u00edvaj\u00edc\u00edch v\u00fdznamn\u00fdm zp\u016fsobem ke zlep\u0161en\u00ed postaven\u00ed osob se zdravotn\u00edm posti\u017een\u00edm a jejich participace, za mimo\u0159\u00e1dnou aktivitu nebo \u010din ve prosp\u011bch t\u011bchto lid\u00ed.<\/p>\n\n\n\n<p><strong>Na\u0161e spole\u010dnost byla ocen\u011bna za slu\u017eby profesion\u00e1ln\u00edho p\u0159episu online, za inovaci, kter\u00e1 umo\u017e\u0148uje osob\u00e1m se sluchov\u00fdm posti\u017een\u00edm zobrazovat text p\u0159episovan\u00fd z telefonn\u00edho hovoru p\u0159\u00edmo na obrazovku telefonu.<\/strong><\/p>\n\n\n\n<p>Z v\u00edce ne\u017e p\u011bti des\u00edtek n\u00e1vrh\u016f na ud\u011blen\u00ed cen MOSTY vybrala nomina\u010dn\u00ed komise slo\u017een\u00e1 z \u010dlen\u016f p\u0159edsednictva NRZP \u010cR finalisty \u010dty\u0159 kategori\u00ed. Hodnot\u00edc\u00ed v\u00fdbor pak ve druh\u00e9m kole rozhodl o v\u00edt\u011bz\u00edch.<\/p>\n\n\n\n<p>Letos byla v\u016fbec poprv\u00e9 p\u0159ed\u00e1v\u00e1na Mimo\u0159\u00e1dn\u00e1 cena za p\u0159\u00ednos a vynikaj\u00edc\u00ed spolupr\u00e1ci Ministerstvu dopravy \u010cR. Mimo\u0159\u00e1dnou cenu p\u0159evzal z rukou handicapovan\u00e9ho z\u00e1vodn\u00edka rallye Dakar Alberta Llovery m\u00edstop\u0159edseda vl\u00e1dy, ministr pr\u016fmyslu a obchodu a ministr dopravy Karel Havl\u00ed\u010dek.<\/p>\n\n\n\n<p>V\u00edt\u011bzem I. Kategorie, instituce ve\u0159ejn\u00e9 spr\u00e1vy se stal Moravskoslezsk\u00fd kraj. Cenu p\u0159evzal z rukou b\u00fdval\u00e9 prvn\u00ed d\u00e1my a velvyslankyn\u011b \u010cR na Slovensku Livie Klausov\u00e9 hejtman Moravskoslezsk\u00e9ho kraje Ivo Vondr\u00e1k.<\/p>\n\n\n\n<p>V\u00edt\u011bzem III. Kategorie, osobnost hnut\u00ed osob se zdravotn\u00edm posti\u017een\u00edm se stal Ji\u0159\u00ed Vencl. Ceny p\u0159edal Ji\u0159\u00ed Svoboda, gener\u00e1ln\u00ed \u0159editel Spr\u00e1vy \u017eeleznic.<\/p>\n\n\n\n<p>Zvl\u00e1\u0161tn\u00ed cenu ve IV. kategorii p\u0159evzala z rukou poslance Poslaneck\u00e9 sn\u011bmovny P\u010cR Patrika Nachera Eva Machov\u00e1 za zesnul\u00e9ho Josefa Cerhu.<\/p>\n\n\n\n<p>Patronkou p\u0159ed\u00e1v\u00e1n\u00ed Cen byla ji\u017e tradi\u010dn\u011b pan\u00ed Livia Klausov\u00e1. Na slavnostn\u00edm ve\u010deru krom\u011b jin\u00e9ho vystoupil Jarom\u00edr Nohavica.<\/p>\n\n\n\n<p>V\u00edce informac\u00ed k Slavnostn\u00edmu p\u0159ed\u00e1v\u00e1n\u00ed Cen Mosty naleznete na webov\u00fdch str\u00e1nk\u00e1ch:\u00a0<a rel=\"noreferrer noopener\" href=\"https:\/\/nrzp.cz\/cena-mosty\" target=\"_blank\">https:\/\/nrzp.cz\/cena-mosty<\/a><\/p>\n\n\n\n<div class=\"wp-block-query is-layout-flow wp-block-query-is-layout-flow\"><\/div>\n","protected":false},"excerpt":{"rendered":"<p>Cena Mosty 2020 N\u00e1rodn\u00ed rady osob se zdravotn\u00edm posti\u017een\u00edm \u010cR v Ostrav\u011b Transkript online, s. r. o. je laure\u00e1tem,&nbsp;v\u00edt\u011bzem II. [&hellip;]<\/p>\n","protected":false},"author":2,"featured_media":0,"parent":0,"menu_order":0,"comment_status":"closed","ping_status":"closed","template":"","meta":{"om_disable_all_campaigns":false,"_monsterinsights_skip_tracking":false,"_monsterinsights_sitenote_active":false,"_monsterinsights_sitenote_note":"","_monsterinsights_sitenote_category":0,"_uf_show_specific_survey":0,"_uf_disable_surveys":false,"footnotes":""},"class_list":["post-531","page","type-page","status-publish","hentry"],"aioseo_notices":[],"_links":{"self":[{"href":"https:\/\/transkript.cz\/index.php?rest_route=\/wp\/v2\/pages\/531","targetHints":{"allow":["GET"]}}],"collection":[{"href":"https:\/\/transkript.cz\/index.php?rest_route=\/wp\/v2\/pages"}],"about":[{"href":"https:\/\/transkript.cz\/index.php?rest_route=\/wp\/v2\/types\/page"}],"author":[{"embeddable":true,"href":"https:\/\/transkript.cz\/index.php?rest_route=\/wp\/v2\/users\/2"}],"replies":[{"embeddable":true,"href":"https:\/\/transkript.cz\/index.php?rest_route=%2Fwp%2Fv2%2Fcomments&post=531"}],"version-history":[{"count":1,"href":"https:\/\/transkript.cz\/index.php?rest_route=\/wp\/v2\/pages\/531\/revisions"}],"predecessor-version":[{"id":533,"href":"https:\/\/transkript.cz\/index.php?rest_route=\/wp\/v2\/pages\/531\/revisions\/533"}],"wp:attachment":[{"href":"https:\/\/transkript.cz\/index.php?rest_route=%2Fwp%2Fv2%2Fmedia&parent=531"}],"curies":[{"name":"wp","href":"https:\/\/api.w.org\/{rel}","templated":true}]}}