{"id":486,"date":"2023-01-31T16:02:07","date_gmt":"2023-01-31T15:02:07","guid":{"rendered":"https:\/\/wp.transkript.cz\/?page_id=486"},"modified":"2023-02-27T13:52:03","modified_gmt":"2023-02-27T12:52:03","slug":"socialni-princip-copy","status":"publish","type":"page","link":"https:\/\/transkript.cz\/?page_id=486","title":{"rendered":"Soci\u00e1ln\u00ed princip"},"content":{"rendered":"\n<h2 class=\"wp-block-heading\">P\u0159ihl\u00e1\u0161en\u00ed se k&nbsp;princip\u016fm soci\u00e1ln\u00edho podnik\u00e1n\u00ed<\/h2>\n\n\n\n<p style=\"line-height:1\">Spole\u010dnost napl\u0148uje principy soci\u00e1ln\u00edho podnik\u00e1n\u00ed a usiluje o prosp\u011bch v uveden\u00fdch oblastech n\u00e1sledovn\u011b:<\/p>\n\n\n\n<p style=\"line-height:1\">Spole\u010dnost se hl\u00e1s\u00ed k princip\u016fm soci\u00e1ln\u00edho podnik\u00e1n\u00ed a funguje jako soci\u00e1ln\u00ed podnik<\/p>\n\n\n\n<p style=\"line-height:1\">Principy a rozpozn\u00e1vac\u00ed znaky soci\u00e1ln\u00edho podnik\u00e1n\u00ed<\/p>\n\n\n\n<p style=\"line-height:1\"><strong>1. spole\u010densky prosp\u011b\u0161n\u00fd c\u00edl<\/strong><\/p>\n\n\n\n<p style=\"line-height:1\">1a1. podnik m\u00e1 spole\u010densky prosp\u011b\u0161n\u00fd c\u00edl spo\u010d\u00edvaj\u00edc\u00ed v zam\u011bstn\u00e1v\u00e1n\u00ed a soci\u00e1ln\u00edm za\u010dle\u0148ov\u00e1n\u00ed osob znev\u00fdhodn\u011bn\u00fdch na trhu pr\u00e1ce.<\/p>\n\n\n\n<p style=\"line-height:1\"><strong>2. soci\u00e1ln\u00ed prosp\u011bch<\/strong><\/p>\n\n\n\n<p style=\"line-height:1\">2a1. pod\u00edl osob ze znev\u00fdhodn\u011bn\u00fdch skupin tvo\u0159\u00ed v\u00edce ne\u017e 30 % zam\u011bstnanc\u016f<\/p>\n\n\n\n<p style=\"line-height:1\">2a2. podnik poskytuje integra\u010dn\u00ed podporu zam\u011bstnanc\u016fm ze skupin znev\u00fdhodn\u011bn\u00fdch osob<\/p>\n\n\n\n<p style=\"line-height:1\">2b1. zam\u011bstnanci a\/nebo \u010dlenov\u00e9 jsou pravideln\u011b a systematicky informov\u00e1ni o chodu podniku, v\u00fdsledc\u00edch hospoda\u0159en\u00ed a napl\u0148ov\u00e1n\u00ed spole\u010densky prosp\u011b\u0161n\u00fdch c\u00edl\u016f; zam\u011bstnanci a\/nebo \u010dlenov\u00e9 jsou zapojen\u00ed do rozhodov\u00e1n\u00ed o sm\u011brov\u00e1n\u00ed podniku<\/p>\n\n\n\n<p style=\"line-height:1\"><strong>3. ekonomick\u00fd prosp\u011bch<\/strong><\/p>\n\n\n\n<p style=\"line-height:1\">3a1 alespo\u0148 51 % p\u0159\u00edpadn\u00e9ho zisku je reinvestov\u00e1no do rozvoje soci\u00e1ln\u00edho podniku a\/nebo napl\u0148ov\u00e1n\u00ed jeho deklarovan\u00fdch spole\u010densky prosp\u011b\u0161n\u00fdch c\u00edl\u016f<\/p>\n\n\n\n<p style=\"line-height:1\">3b1. mana\u017eersk\u00e9 \u0159\u00edzen\u00ed podniku je nez\u00e1visl\u00e9 na extern\u00edm z\u0159izovateli \u010di vlastn\u00edkovi<\/p>\n\n\n\n<p style=\"line-height:1\">3c1. tr\u017eby z prodeje v\u00fdrobk\u016f a\/nebo slu\u017eeb a\/nebo zbo\u017e\u00ed tvo\u0159\u00ed alespo\u0148<\/p>\n\n\n\n<p style=\"line-height:1\">30 % z celkov\u00fdch v\u00fdnos\u016f podniku<\/p>\n\n\n\n<p style=\"line-height:1\"><strong>4. environment\u00e1ln\u00ed prosp\u011bch<\/strong><\/p>\n\n\n\n<p style=\"line-height:1\">4a1. podnik m\u00e1 formulovan\u00e9 z\u00e1sady environment\u00e1ln\u011b \u0161etrn\u00e9ho podnik\u00e1n\u00ed (nap\u0159. podle princip\u016f cirkul\u00e1rn\u00ed ekonomiky), v\u00fdroby, spot\u0159eby a provozu podnikatelsk\u00e9 \u010dinnosti a z\u00e1rove\u0148 tyto z\u00e1sady napl\u0148uje v praxi<\/p>\n\n\n\n<p style=\"line-height:1\"><strong>5. m\u00edstn\u00ed prosp\u011bch<\/strong><\/p>\n\n\n\n<p style=\"line-height:1\">5a1. podnik se ve sv\u00e9 \u010dinnosti orientuje na lok\u00e1ln\u00ed pot\u0159eby<\/p>\n\n\n\n<p style=\"line-height:1\">5b1. podnik p\u0159ednostn\u011b vyu\u017e\u00edv\u00e1 m\u00edstn\u00ed zdroje: a) zam\u011bstn\u00e1v\u00e1 m\u00edstn\u00ed obyvatele, b) nakupuje od m\u00edstn\u00edch dodavatel\u016f<\/p>\n\n\n\n<p style=\"line-height:1\">5c1. podnik komunikuje a spolupracuje s m\u00edstn\u00edmi akt\u00e9ry<\/p>\n","protected":false},"excerpt":{"rendered":"<p>P\u0159ihl\u00e1\u0161en\u00ed se k&nbsp;princip\u016fm soci\u00e1ln\u00edho podnik\u00e1n\u00ed Spole\u010dnost napl\u0148uje principy soci\u00e1ln\u00edho podnik\u00e1n\u00ed a usiluje o prosp\u011bch v uveden\u00fdch oblastech n\u00e1sledovn\u011b: Spole\u010dnost se [&hellip;]<\/p>\n","protected":false},"author":2,"featured_media":0,"parent":0,"menu_order":0,"comment_status":"closed","ping_status":"closed","template":"","meta":{"om_disable_all_campaigns":false,"_monsterinsights_skip_tracking":false,"_monsterinsights_sitenote_active":false,"_monsterinsights_sitenote_note":"","_monsterinsights_sitenote_category":0,"_uf_show_specific_survey":0,"_uf_disable_surveys":false,"footnotes":""},"class_list":["post-486","page","type-page","status-publish","hentry"],"aioseo_notices":[],"_links":{"self":[{"href":"https:\/\/transkript.cz\/index.php?rest_route=\/wp\/v2\/pages\/486","targetHints":{"allow":["GET"]}}],"collection":[{"href":"https:\/\/transkript.cz\/index.php?rest_route=\/wp\/v2\/pages"}],"about":[{"href":"https:\/\/transkript.cz\/index.php?rest_route=\/wp\/v2\/types\/page"}],"author":[{"embeddable":true,"href":"https:\/\/transkript.cz\/index.php?rest_route=\/wp\/v2\/users\/2"}],"replies":[{"embeddable":true,"href":"https:\/\/transkript.cz\/index.php?rest_route=%2Fwp%2Fv2%2Fcomments&post=486"}],"version-history":[{"count":4,"href":"https:\/\/transkript.cz\/index.php?rest_route=\/wp\/v2\/pages\/486\/revisions"}],"predecessor-version":[{"id":714,"href":"https:\/\/transkript.cz\/index.php?rest_route=\/wp\/v2\/pages\/486\/revisions\/714"}],"wp:attachment":[{"href":"https:\/\/transkript.cz\/index.php?rest_route=%2Fwp%2Fv2%2Fmedia&parent=486"}],"curies":[{"name":"wp","href":"https:\/\/api.w.org\/{rel}","templated":true}]}}