{"id":482,"date":"2023-01-31T15:53:32","date_gmt":"2023-01-31T14:53:32","guid":{"rendered":"https:\/\/wp.transkript.cz\/?page_id=482"},"modified":"2023-01-31T15:59:14","modified_gmt":"2023-01-31T14:59:14","slug":"socialni-princip","status":"publish","type":"page","link":"https:\/\/transkript.cz\/?page_id=482","title":{"rendered":"P\u0159edstaven\u00ed Transkriptu"},"content":{"rendered":"\n<p>Transkript online s.r.o. je jedinou spole\u010dnost\u00ed na \u010desk\u00e9m trhu poskytuj\u00edc\u00ed profesion\u00e1ln\u00ed slu\u017ebu online p\u0159episu. Hlavn\u00edm posl\u00e1n\u00edm t\u00e9to soci\u00e1ln\u011b zam\u011b\u0159en\u00e9 firmy je odbour\u00e1vat komunika\u010dn\u00ed bari\u00e9ry osob se sluchov\u00fdm posti\u017een\u00edm a usnadnit jejich za\u010dlen\u011bn\u00ed do b\u011b\u017en\u00e9ho \u017eivota. Simult\u00e1nn\u00ed p\u0159epis mluven\u00e9 \u0159e\u010di do textov\u00e9 podoby pod slu\u017ebou nazvanou eScribe zaji\u0161\u0165uje spole\u010dnost Transkript jako hlavn\u00ed \u010dinnost sv\u00e9ho podnik\u00e1n\u00ed po cel\u00e9 \u010cesk\u00e9 republice od roku 2012.<\/p>\n\n\n\n<p>Dle odhad\u016f \u010cesk\u00e9 unie nesly\u0161\u00edc\u00edch \u017eije v \u010cR a\u017e 500 000 osob s posti\u017een\u00edm sluchu. Vzhledem k tomu, \u017ee drtiv\u00e1 v\u011bt\u0161ina z nich neovl\u00e1d\u00e1 znakov\u00fd jazyk, p\u0159edstavuje online p\u0159epis \u0159e\u010di nejp\u0159irozen\u011bj\u0161\u00ed zp\u016fsob, jak mohou tito lid\u00e9 komunikovat se sv\u00fdm okol\u00edm. Dosavadn\u00ed zku\u0161enosti prok\u00e1zaly, \u017ee online p\u0159epis v\u00fdrazn\u00fdm zp\u016fsobem zkracuje dobu obsluhy, p\u0159edch\u00e1z\u00ed nedorozum\u011bn\u00ed a zvy\u0161uje spokojenost nesly\u0161\u00edc\u00edch klient\u016f.<\/p>\n\n\n\n<figure class=\"wp-block-embed is-type-video is-provider-youtube wp-block-embed-youtube wp-embed-aspect-16-9 wp-has-aspect-ratio\"><div class=\"wp-block-embed__wrapper\">\n<iframe loading=\"lazy\" title=\"P\u0159edstaven\u00ed soci\u00e1ln\u00edho podniku Transkript online a na\u0161ich slu\u017eeb.\" width=\"500\" height=\"281\" src=\"https:\/\/www.youtube.com\/embed\/Yr5d5Bq4hDY?feature=oembed\" frameborder=\"0\" allow=\"accelerometer; autoplay; clipboard-write; encrypted-media; gyroscope; picture-in-picture; web-share\" referrerpolicy=\"strict-origin-when-cross-origin\" allowfullscreen><\/iframe>\n<\/div><\/figure>\n\n\n\n<p>V r\u00e1mci na\u0161ich komer\u010dn\u00edch aktivit se zam\u011b\u0159ujeme p\u0159edev\u0161\u00edm na korpor\u00e1tn\u00ed klienty s velk\u00fdm po\u010dtem z\u00e1kazn\u00edk\u016f, mezi kter\u00fdmi jsou tak i osoby s posti\u017een\u00edm sluchu. Na\u0161e nejbli\u017e\u0161\u00ed kroky vedou k zaveden\u00ed online p\u0159episu na kontaktn\u00ed m\u00edsta st\u00e1tn\u00ed spr\u00e1vy a na \u00fa\u0159adech, kde je p\u0159epis nejv\u00edce zapot\u0159eb\u00ed.<\/p>\n\n\n\n<p>Z pohledu v\u00fdvoje a roz\u0161i\u0159ov\u00e1n\u00ed slu\u017eby se specializujeme na aplikace online p\u0159episu pro tablety a chytr\u00e9 telefony a rovn\u011b\u017e i na modern\u00ed technologie rozpozn\u00e1v\u00e1n\u00ed a synt\u00e9zy \u0159e\u010di. Pr\u00e1v\u011b v oblasti mobiln\u00edch za\u0159\u00edzen\u00ed vid\u00edme hlavn\u00ed potenci\u00e1l online p\u0159episu.&nbsp;<\/p>\n\n\n\n<p>Slu\u017eba online p\u0159episu je v sou\u010dasnosti dostupn\u00e1 na 85 kontaktn\u00edch m\u00edstech dvou korpor\u00e1tn\u00edch klient\u016f po cel\u00e9 \u010cR a je zaji\u0161\u0165ov\u00e1na 8 hodin denn\u011b 5 dn\u00ed v t\u00fddnu n\u011bkolika paraleln\u011b pracuj\u00edc\u00edmi p\u0159episovateli. V omezen\u00e9m rozsahu ji nab\u00edz\u00edme pro osobn\u00ed pou\u017eit\u00ed nesly\u0161\u00edc\u00edch zcela zdarma.<\/p>\n\n\n\n<h3 class=\"wp-block-heading\">T\u00fdm<\/h3>\n\n\n\n<p>N\u00e1\u0161 \u0161pi\u010dkov\u00fd profesion\u00e1ln\u00ed t\u00fdm slo\u017een\u00fd z odborn\u00edk\u016f v oblasti telekomunikac\u00ed a internetu a z profesion\u00e1ln\u00edch p\u0159episovatel\u016f V\u00e1m poskytne slu\u017eby i software na m\u00edru podle Va\u0161eho p\u0159\u00e1n\u00ed. P\u0159iprav\u00edme pro V\u00e1s efektivn\u00ed \u0159e\u0161en\u00ed bez ohledu na to, zda jste mal\u00e1 nebo velk\u00e1 firma, neziskov\u00e1 organizace \u010di nesly\u0161\u00edc\u00ed jednotlivec.&nbsp;<\/p>\n\n\n\n<p>Na\u0161i techni\u010dt\u00ed odborn\u00edci jsou \u00fasp\u011b\u0161n\u00ed absolventi \u010cVUT (fakulty elektrotechnick\u00e9). Jejich n\u00e1paditost a zru\u010dnost vedla k my\u0161lence simult\u00e1nn\u00edho p\u0159episu online. V r\u00e1mci v\u00fdvoje a roz\u0161i\u0159ov\u00e1n\u00ed slu\u017eby se zam\u011b\u0159uj\u00ed na aplikace online p\u0159episu d\u00e1le i pro tablety a chytr\u00e9 telefony. Pr\u00e1v\u011b v oblasti mobiln\u00edch za\u0159\u00edzen\u00ed vid\u00ed Transkript hlavn\u00ed potenci\u00e1l online p\u0159episu.&nbsp;<\/p>\n\n\n\n<p>Na\u0161i zku\u0161en\u00ed p\u0159episovatel\u00e9 V\u00e1m pomoc\u00ed t\u011bchto aplikac\u00ed, kl\u00e1vesnice a hbit\u00fdch prst\u016f p\u0159ep\u00ed\u0161\u00ed v\u0161e doslova. Jsou to dr\u017eitel\u00e9 mistrovsk\u00e9 st\u00e1tn\u00ed zkou\u0161ky ze psan\u00ed na kl\u00e1vesnici, disponuj\u00ed n\u011bkolikalet\u00fdmi zku\u0161enostmi v praxi. Jejich rychlost psan\u00ed p\u0159i vynikaj\u00edc\u00ed p\u0159esnosti p\u0159esahuje 500 \u00fahoz\u016f za minutu. Jsou pochopiteln\u011b v\u00e1z\u00e1ni etick\u00fdm kodexem a ml\u010denlivost\u00ed.<\/p>\n","protected":false},"excerpt":{"rendered":"<p>Transkript online s.r.o. je jedinou spole\u010dnost\u00ed na \u010desk\u00e9m trhu poskytuj\u00edc\u00ed profesion\u00e1ln\u00ed slu\u017ebu online p\u0159episu. Hlavn\u00edm posl\u00e1n\u00edm t\u00e9to soci\u00e1ln\u011b zam\u011b\u0159en\u00e9 firmy [&hellip;]<\/p>\n","protected":false},"author":2,"featured_media":0,"parent":0,"menu_order":0,"comment_status":"closed","ping_status":"closed","template":"","meta":{"om_disable_all_campaigns":false,"_monsterinsights_skip_tracking":false,"_monsterinsights_sitenote_active":false,"_monsterinsights_sitenote_note":"","_monsterinsights_sitenote_category":0,"_uf_show_specific_survey":0,"_uf_disable_surveys":false,"footnotes":""},"class_list":["post-482","page","type-page","status-publish","hentry"],"aioseo_notices":[],"_links":{"self":[{"href":"https:\/\/transkript.cz\/index.php?rest_route=\/wp\/v2\/pages\/482","targetHints":{"allow":["GET"]}}],"collection":[{"href":"https:\/\/transkript.cz\/index.php?rest_route=\/wp\/v2\/pages"}],"about":[{"href":"https:\/\/transkript.cz\/index.php?rest_route=\/wp\/v2\/types\/page"}],"author":[{"embeddable":true,"href":"https:\/\/transkript.cz\/index.php?rest_route=\/wp\/v2\/users\/2"}],"replies":[{"embeddable":true,"href":"https:\/\/transkript.cz\/index.php?rest_route=%2Fwp%2Fv2%2Fcomments&post=482"}],"version-history":[{"count":2,"href":"https:\/\/transkript.cz\/index.php?rest_route=\/wp\/v2\/pages\/482\/revisions"}],"predecessor-version":[{"id":485,"href":"https:\/\/transkript.cz\/index.php?rest_route=\/wp\/v2\/pages\/482\/revisions\/485"}],"wp:attachment":[{"href":"https:\/\/transkript.cz\/index.php?rest_route=%2Fwp%2Fv2%2Fmedia&parent=482"}],"curies":[{"name":"wp","href":"https:\/\/api.w.org\/{rel}","templated":true}]}}